{"id":3209,"date":"2023-04-24T21:33:01","date_gmt":"2023-04-24T21:33:01","guid":{"rendered":"https:\/\/caribia.es\/?page_id=3209"},"modified":"2025-02-08T10:12:03","modified_gmt":"2025-02-08T10:12:03","slug":"meltemi-hanse470e-portocolom","status":"publish","type":"page","link":"https:\/\/caribia.es\/en\/barcos\/meltemi-hanse470e-portocolom\/","title":{"rendered":"Meltemi \u2013 Hanse470e"},"content":{"rendered":"<div data-elementor-type=\"wp-page\" data-elementor-id=\"3209\" class=\"elementor elementor-3209\" data-elementor-post-type=\"page\">\n\t\t\t\t\t\t<section class=\"elementor-section elementor-top-section elementor-element elementor-element-7e99e4e elementor-section-boxed elementor-section-height-default elementor-section-height-default\" data-id=\"7e99e4e\" data-element_type=\"section\" data-e-type=\"section\">\n\t\t\t\t\t\t<div class=\"elementor-container elementor-column-gap-default\">\n\t\t\t\t\t<div class=\"elementor-column elementor-col-100 elementor-top-column elementor-element elementor-element-81ed2a8\" data-id=\"81ed2a8\" data-element_type=\"column\" data-e-type=\"column\">\n\t\t\t<div class=\"elementor-widget-wrap elementor-element-populated\">\n\t\t\t\t\t\t<div class=\"elementor-element elementor-element-eff149e elementor-widget elementor-widget-spacer\" data-id=\"eff149e\" data-element_type=\"widget\" data-e-type=\"widget\" data-widget_type=\"spacer.default\">\n\t\t\t\t<div class=\"elementor-widget-container\">\n\t\t\t\t\t\t\t<div class=\"elementor-spacer\">\n\t\t\t<div class=\"elementor-spacer-inner\"><\/div>\n\t\t<\/div>\n\t\t\t\t\t\t<\/div>\n\t\t\t\t<\/div>\n\t\t\t\t\t<\/div>\n\t\t<\/div>\n\t\t\t\t\t<\/div>\n\t\t<\/section>\n\t\t\t\t<section class=\"elementor-section elementor-top-section elementor-element elementor-element-6ec9822 elementor-section-boxed elementor-section-height-default elementor-section-height-default\" data-id=\"6ec9822\" data-element_type=\"section\" data-e-type=\"section\" data-settings=\"{&quot;background_background&quot;:&quot;classic&quot;}\">\n\t\t\t\t\t\t<div class=\"elementor-container elementor-column-gap-default\">\n\t\t\t\t\t<div class=\"elementor-column elementor-col-100 elementor-top-column elementor-element elementor-element-8b24223\" data-id=\"8b24223\" data-element_type=\"column\" data-e-type=\"column\" data-settings=\"{&quot;background_background&quot;:&quot;classic&quot;}\">\n\t\t\t<div class=\"elementor-widget-wrap elementor-element-populated\">\n\t\t\t\t\t\t<div class=\"elementor-element elementor-element-254e170 elementor-widget elementor-widget-text-editor\" data-id=\"254e170\" data-element_type=\"widget\" data-e-type=\"widget\" data-widget_type=\"text-editor.default\">\n\t\t\t\t<div class=\"elementor-widget-container\">\n\t\t\t\t\t\t\t\t\t<p>Porto Colom, Majorca<\/p>\t\t\t\t\t\t\t\t<\/div>\n\t\t\t\t<\/div>\n\t\t\t\t<div class=\"elementor-element elementor-element-cd82d7a elementor-widget elementor-widget-heading\" data-id=\"cd82d7a\" data-element_type=\"widget\" data-e-type=\"widget\" data-widget_type=\"heading.default\">\n\t\t\t\t<div class=\"elementor-widget-container\">\n\t\t\t\t\t<h2 class=\"elementor-heading-title elementor-size-default\">Meltemi - Hanse 470e<\/h2>\t\t\t\t<\/div>\n\t\t\t\t<\/div>\n\t\t\t\t<div class=\"elementor-element elementor-element-9edf9bf elementor-widget elementor-widget-text-editor\" data-id=\"9edf9bf\" data-element_type=\"widget\" data-e-type=\"widget\" data-widget_type=\"text-editor.default\">\n\t\t\t\t<div class=\"elementor-widget-container\">\n\t\t\t\t\t\t\t\t\t<p>The Meltemi, known in the Aegean Sea as a strong wind that blesses sailors. This is our sailboat, fast, strong and versatile. With 14m in length, a huge 24m mast and an incredible 2.6m draft.<\/p><p>Located in the largest natural port in Mallorca, Portocolom, and going through the coves of Cala Varques, Cala Magraner, Cala Sa Nau, Cala Mitjana, Cala Ferrera and Cala Mondrag\u00f3.<br \/><br \/>We call her, the little sister of the Nereida, same house, same distribution, same year, but smaller!<\/p>\t\t\t\t\t\t\t\t<\/div>\n\t\t\t\t<\/div>\n\t\t\t\t<div class=\"elementor-element elementor-element-075b3c0 elementor--h-position-center elementor--v-position-middle elementor-arrows-position-inside elementor-widget elementor-widget-slides\" data-id=\"075b3c0\" data-element_type=\"widget\" data-e-type=\"widget\" data-settings=\"{&quot;navigation&quot;:&quot;arrows&quot;,&quot;autoplay_speed&quot;:7000,&quot;autoplay&quot;:&quot;yes&quot;,&quot;pause_on_hover&quot;:&quot;yes&quot;,&quot;pause_on_interaction&quot;:&quot;yes&quot;,&quot;infinite&quot;:&quot;yes&quot;,&quot;transition&quot;:&quot;slide&quot;,&quot;transition_speed&quot;:500}\" data-widget_type=\"slides.default\">\n\t\t\t\t<div class=\"elementor-widget-container\">\n\t\t\t\t\t\t\t\t\t<div class=\"elementor-swiper\">\n\t\t\t\t\t<div class=\"elementor-slides-wrapper elementor-main-swiper swiper\" role=\"region\" aria-roledescription=\"carousel\" aria-label=\"Slides\" dir=\"ltr\" data-animation=\"fadeInUp\">\n\t\t\t\t<div class=\"swiper-wrapper elementor-slides\">\n\t\t\t\t\t\t\t\t\t\t<div class=\"elementor-repeater-item-d39ccb9 swiper-slide\" role=\"group\" aria-roledescription=\"slide\"><div class=\"swiper-slide-bg\" role=\"img\" aria-label=\"Full day\"><\/div><div class=\"swiper-slide-inner\" ><div class=\"swiper-slide-contents\"><\/div><\/div><\/div><div class=\"elementor-repeater-item-af78658 swiper-slide\" role=\"group\" aria-roledescription=\"slide\"><div class=\"swiper-slide-bg\" role=\"img\" aria-label=\"Sailing 2\"><\/div><div class=\"swiper-slide-inner\" ><div class=\"swiper-slide-contents\"><\/div><\/div><\/div><div class=\"elementor-repeater-item-3c8b463 swiper-slide\" role=\"group\" aria-roledescription=\"slide\"><div class=\"swiper-slide-bg\" role=\"img\" aria-label=\"Meltemi anchored c varques\"><\/div><div class=\"swiper-slide-inner\" ><div class=\"swiper-slide-contents\"><\/div><\/div><\/div><div class=\"elementor-repeater-item-e9e5287 swiper-slide\" role=\"group\" aria-roledescription=\"slide\"><div class=\"swiper-slide-bg\" role=\"img\" aria-label=\"photo_2023-04-10_21-43-02\"><\/div><div class=\"swiper-slide-inner\" ><div class=\"swiper-slide-contents\"><\/div><\/div><\/div><div class=\"elementor-repeater-item-ac99eef swiper-slide\" role=\"group\" aria-roledescription=\"slide\"><div class=\"swiper-slide-bg\" role=\"img\" aria-label=\"photo_2023-04-10_21-43-06\"><\/div><div class=\"swiper-slide-inner\" ><div class=\"swiper-slide-contents\"><\/div><\/div><\/div><div class=\"elementor-repeater-item-81cb718 swiper-slide\" role=\"group\" aria-roledescription=\"slide\"><div class=\"swiper-slide-bg\" role=\"img\" aria-label=\"romantic sailing\"><\/div><div class=\"swiper-slide-inner\" ><div class=\"swiper-slide-contents\"><\/div><\/div><\/div>\t\t\t\t<\/div>\n\t\t\t\t\t\t\t\t\t\t\t\t\t\t\t<div class=\"elementor-swiper-button elementor-swiper-button-prev\" role=\"button\" tabindex=\"0\" aria-label=\"previous slide\">\n\t\t\t\t\t\t\t<i aria-hidden=\"true\" class=\"eicon-chevron-left\"><\/i>\t\t\t\t\t\t<\/div>\n\t\t\t\t\t\t<div class=\"elementor-swiper-button elementor-swiper-button-next\" role=\"button\" tabindex=\"0\" aria-label=\"Next slide\">\n\t\t\t\t\t\t\t<i aria-hidden=\"true\" class=\"eicon-chevron-right\"><\/i>\t\t\t\t\t\t<\/div>\n\t\t\t\t\t\t\t\t\t\t\t\t\t\t\t\t\t<\/div>\n\t\t\t\t<\/div>\n\t\t\t\t\t\t\t\t<\/div>\n\t\t\t\t<\/div>\n\t\t\t\t<div class=\"elementor-element elementor-element-49402f4 elementor-widget elementor-widget-text-editor\" data-id=\"49402f4\" data-element_type=\"widget\" data-e-type=\"widget\" data-widget_type=\"text-editor.default\">\n\t\t\t\t<div class=\"elementor-widget-container\">\n\t\t\t\t\t\t\t\t\t<p>Specifications:<\/p><p>Capacity: 11 PAX<br \/>Length: 14.30m<br \/>Beam: 4.46m<br \/>Draft: 2.60m<br \/>Mast: 24m<\/p><p>Hull: Fiberglass reinforced with epoxy resin<\/p><p>Year of manufacture: 2008<\/p><p>Inside<\/p><p>3 double cabins<br \/>2 bathrooms, 1 en-suite<br \/>Dining room and kitchen<\/p>\t\t\t\t\t\t\t\t<\/div>\n\t\t\t\t<\/div>\n\t\t\t\t\t<\/div>\n\t\t<\/div>\n\t\t\t\t\t<\/div>\n\t\t<\/section>\n\t\t\t\t<\/div>","protected":false},"excerpt":{"rendered":"<p>Portocolom, Mallorca Meltemi &#8211; Hanse 470e El Meltemi, conocido en el mar Egeo como un viento fuerte y que bendice a los navegantes. As\u00ed es nuestro velero, r\u00e1pido fuerte y vers\u00e1til. Con 14m de eslora, un enorme m\u00e1stil de 24m y un increible calado regatista de 2.6m. Ubicado en el puerto natural m\u00e1s grande de [&hellip;]<\/p>\n","protected":false},"author":1,"featured_media":0,"parent":96,"menu_order":0,"comment_status":"closed","ping_status":"closed","template":"","meta":{"_joinchat":[],"footnotes":""},"class_list":["post-3209","page","type-page","status-publish","hentry"],"yoast_head":"<!-- This site is optimized with the Yoast SEO plugin v27.3 - https:\/\/yoast.com\/product\/yoast-seo-wordpress\/ -->\n<title>Excursiones diarias - Velero Mallorca - Portocolom - Meltemi<\/title>\n<meta name=\"description\" content=\"Excursiones en el Velero Meltemi, en Portocolom, Mallorca. Crucero por las calas de Cala Varques, Cala Magraner, Cala Sa Nau, Cala Mitjana, Cala Ferrera y Cala Mondrag\u00f3.\" \/>\n<meta name=\"robots\" content=\"noindex, follow\" \/>\n<meta property=\"og:locale\" content=\"en_US\" \/>\n<meta property=\"og:type\" content=\"article\" \/>\n<meta property=\"og:title\" content=\"Excursiones diarias - Velero Mallorca - Portocolom - Meltemi\" \/>\n<meta property=\"og:description\" content=\"Excursiones en el Velero Meltemi, en Portocolom, Mallorca. Crucero por las calas de Cala Varques, Cala Magraner, Cala Sa Nau, Cala Mitjana, Cala Ferrera y Cala Mondrag\u00f3.\" \/>\n<meta property=\"og:url\" content=\"https:\/\/caribia.es\/en\/boats\/meltemi-hanse470e-portocolom\/\" \/>\n<meta property=\"og:site_name\" content=\"Caribia.es\" \/>\n<meta property=\"article:modified_time\" content=\"2025-02-08T10:12:03+00:00\" \/>\n<meta property=\"og:image\" content=\"https:\/\/caribia.es\/wp-content\/uploads\/2023\/08\/LUNESFILMS027-scaled-1-1.jpg\" \/>\n\t<meta property=\"og:image:width\" content=\"1600\" \/>\n\t<meta property=\"og:image:height\" content=\"1067\" \/>\n\t<meta property=\"og:image:type\" content=\"image\/jpeg\" \/>\n<meta name=\"twitter:card\" content=\"summary_large_image\" \/>\n<meta name=\"twitter:label1\" content=\"Est. reading time\" \/>\n\t<meta name=\"twitter:data1\" content=\"1 minute\" \/>\n<script type=\"application\/ld+json\" class=\"yoast-schema-graph\">{\"@context\":\"https:\\\/\\\/schema.org\",\"@graph\":[{\"@type\":\"WebPage\",\"@id\":\"https:\\\/\\\/caribia.es\\\/barcos\\\/meltemi-hanse470e-portocolom\\\/\",\"url\":\"https:\\\/\\\/caribia.es\\\/barcos\\\/meltemi-hanse470e-portocolom\\\/\",\"name\":\"Excursiones diarias - Velero Mallorca - Portocolom - Meltemi\",\"isPartOf\":{\"@id\":\"https:\\\/\\\/caribia.es\\\/#website\"},\"datePublished\":\"2023-04-24T21:33:01+00:00\",\"dateModified\":\"2025-02-08T10:12:03+00:00\",\"description\":\"Excursiones en el Velero Meltemi, en Portocolom, Mallorca. Crucero por las calas de Cala Varques, Cala Magraner, Cala Sa Nau, Cala Mitjana, Cala Ferrera y Cala Mondrag\u00f3.\",\"breadcrumb\":{\"@id\":\"https:\\\/\\\/caribia.es\\\/barcos\\\/meltemi-hanse470e-portocolom\\\/#breadcrumb\"},\"inLanguage\":\"en-US\",\"potentialAction\":[{\"@type\":\"ReadAction\",\"target\":[\"https:\\\/\\\/caribia.es\\\/barcos\\\/meltemi-hanse470e-portocolom\\\/\"]}]},{\"@type\":\"BreadcrumbList\",\"@id\":\"https:\\\/\\\/caribia.es\\\/barcos\\\/meltemi-hanse470e-portocolom\\\/#breadcrumb\",\"itemListElement\":[{\"@type\":\"ListItem\",\"position\":1,\"name\":\"Home\",\"item\":\"https:\\\/\\\/caribia.es\\\/\"},{\"@type\":\"ListItem\",\"position\":2,\"name\":\"Barcos\",\"item\":\"https:\\\/\\\/caribia.es\\\/?page_id=96\"},{\"@type\":\"ListItem\",\"position\":3,\"name\":\"Meltemi &#8211; Hanse470e\"}]},{\"@type\":\"WebSite\",\"@id\":\"https:\\\/\\\/caribia.es\\\/#website\",\"url\":\"https:\\\/\\\/caribia.es\\\/\",\"name\":\"Caribia.es\",\"description\":\"Sailing trips in Mallorca\",\"publisher\":{\"@id\":\"https:\\\/\\\/caribia.es\\\/#organization\"},\"alternateName\":\"Caribia Sailing\",\"potentialAction\":[{\"@type\":\"SearchAction\",\"target\":{\"@type\":\"EntryPoint\",\"urlTemplate\":\"https:\\\/\\\/caribia.es\\\/?s={search_term_string}\"},\"query-input\":{\"@type\":\"PropertyValueSpecification\",\"valueRequired\":true,\"valueName\":\"search_term_string\"}}],\"inLanguage\":\"en-US\"},{\"@type\":\"Organization\",\"@id\":\"https:\\\/\\\/caribia.es\\\/#organization\",\"name\":\"Caribia Sailing\",\"url\":\"https:\\\/\\\/caribia.es\\\/\",\"logo\":{\"@type\":\"ImageObject\",\"inLanguage\":\"en-US\",\"@id\":\"https:\\\/\\\/caribia.es\\\/#\\\/schema\\\/logo\\\/image\\\/\",\"url\":\"https:\\\/\\\/caribia.es\\\/wp-content\\\/uploads\\\/2023\\\/08\\\/low-recortado-1990-1.png\",\"contentUrl\":\"https:\\\/\\\/caribia.es\\\/wp-content\\\/uploads\\\/2023\\\/08\\\/low-recortado-1990-1.png\",\"width\":811,\"height\":397,\"caption\":\"Caribia Sailing\"},\"image\":{\"@id\":\"https:\\\/\\\/caribia.es\\\/#\\\/schema\\\/logo\\\/image\\\/\"},\"sameAs\":[\"https:\\\/\\\/www.instagram.com\\\/caribiasailing\\\/\",\"https:\\\/\\\/www.youtube.com\\\/channel\\\/UCoNTQ-HCD3H37R6ucQTSsiA\"]}]}<\/script>\n<!-- \/ Yoast SEO plugin. -->","yoast_head_json":{"title":"Daily excursions - Sailboat Mallorca - Portocolom - Meltemi","description":"Excursions on the Meltemi Sailboat, in Portocolom, Mallorca. Cruise through the coves of Cala Varques, Cala Magraner, Cala Sa Nau, Cala Mitjana, Cala Ferrera and Cala Mondrag\u00f3.","robots":{"index":"noindex","follow":"follow"},"og_locale":"en_US","og_type":"article","og_title":"Excursiones diarias - Velero Mallorca - Portocolom - Meltemi","og_description":"Excursiones en el Velero Meltemi, en Portocolom, Mallorca. Crucero por las calas de Cala Varques, Cala Magraner, Cala Sa Nau, Cala Mitjana, Cala Ferrera y Cala Mondrag\u00f3.","og_url":"https:\/\/caribia.es\/en\/boats\/meltemi-hanse470e-portocolom\/","og_site_name":"Caribia.es","article_modified_time":"2025-02-08T10:12:03+00:00","og_image":[{"width":1600,"height":1067,"url":"https:\/\/caribia.es\/wp-content\/uploads\/2023\/08\/LUNESFILMS027-scaled-1-1.jpg","type":"image\/jpeg"}],"twitter_card":"summary_large_image","twitter_misc":{"Est. reading time":"1 minute"},"schema":{"@context":"https:\/\/schema.org","@graph":[{"@type":"WebPage","@id":"https:\/\/caribia.es\/barcos\/meltemi-hanse470e-portocolom\/","url":"https:\/\/caribia.es\/barcos\/meltemi-hanse470e-portocolom\/","name":"Daily excursions - Sailboat Mallorca - Portocolom - Meltemi","isPartOf":{"@id":"https:\/\/caribia.es\/#website"},"datePublished":"2023-04-24T21:33:01+00:00","dateModified":"2025-02-08T10:12:03+00:00","description":"Excursions on the Meltemi Sailboat, in Portocolom, Mallorca. Cruise through the coves of Cala Varques, Cala Magraner, Cala Sa Nau, Cala Mitjana, Cala Ferrera and Cala Mondrag\u00f3.","breadcrumb":{"@id":"https:\/\/caribia.es\/barcos\/meltemi-hanse470e-portocolom\/#breadcrumb"},"inLanguage":"en-US","potentialAction":[{"@type":"ReadAction","target":["https:\/\/caribia.es\/barcos\/meltemi-hanse470e-portocolom\/"]}]},{"@type":"BreadcrumbList","@id":"https:\/\/caribia.es\/barcos\/meltemi-hanse470e-portocolom\/#breadcrumb","itemListElement":[{"@type":"ListItem","position":1,"name":"Home","item":"https:\/\/caribia.es\/"},{"@type":"ListItem","position":2,"name":"Barcos","item":"https:\/\/caribia.es\/?page_id=96"},{"@type":"ListItem","position":3,"name":"Meltemi &#8211; Hanse470e"}]},{"@type":"WebSite","@id":"https:\/\/caribia.es\/#website","url":"https:\/\/caribia.es\/","name":"Caribia.es","description":"Sailing trips in Majorca","publisher":{"@id":"https:\/\/caribia.es\/#organization"},"alternateName":"Caribia Sailing","potentialAction":[{"@type":"SearchAction","target":{"@type":"EntryPoint","urlTemplate":"https:\/\/caribia.es\/?s={search_term_string}"},"query-input":{"@type":"PropertyValueSpecification","valueRequired":true,"valueName":"search_term_string"}}],"inLanguage":"en-US"},{"@type":"Organization","@id":"https:\/\/caribia.es\/#organization","name":"Caribbean Sailing","url":"https:\/\/caribia.es\/","logo":{"@type":"ImageObject","inLanguage":"en-US","@id":"https:\/\/caribia.es\/#\/schema\/logo\/image\/","url":"https:\/\/caribia.es\/wp-content\/uploads\/2023\/08\/low-recortado-1990-1.png","contentUrl":"https:\/\/caribia.es\/wp-content\/uploads\/2023\/08\/low-recortado-1990-1.png","width":811,"height":397,"caption":"Caribia Sailing"},"image":{"@id":"https:\/\/caribia.es\/#\/schema\/logo\/image\/"},"sameAs":["https:\/\/www.instagram.com\/caribiasailing\/","https:\/\/www.youtube.com\/channel\/UCoNTQ-HCD3H37R6ucQTSsiA"]}]}},"_links":{"self":[{"href":"https:\/\/caribia.es\/en\/wp-json\/wp\/v2\/pages\/3209","targetHints":{"allow":["GET"]}}],"collection":[{"href":"https:\/\/caribia.es\/en\/wp-json\/wp\/v2\/pages"}],"about":[{"href":"https:\/\/caribia.es\/en\/wp-json\/wp\/v2\/types\/page"}],"author":[{"embeddable":true,"href":"https:\/\/caribia.es\/en\/wp-json\/wp\/v2\/users\/1"}],"replies":[{"embeddable":true,"href":"https:\/\/caribia.es\/en\/wp-json\/wp\/v2\/comments?post=3209"}],"version-history":[{"count":15,"href":"https:\/\/caribia.es\/en\/wp-json\/wp\/v2\/pages\/3209\/revisions"}],"predecessor-version":[{"id":5924,"href":"https:\/\/caribia.es\/en\/wp-json\/wp\/v2\/pages\/3209\/revisions\/5924"}],"up":[{"embeddable":true,"href":"https:\/\/caribia.es\/en\/wp-json\/wp\/v2\/pages\/96"}],"wp:attachment":[{"href":"https:\/\/caribia.es\/en\/wp-json\/wp\/v2\/media?parent=3209"}],"curies":[{"name":"wp","href":"https:\/\/api.w.org\/{rel}","templated":true}]}}