{"id":98,"date":"2022-03-15T04:04:24","date_gmt":"2022-03-15T04:04:24","guid":{"rendered":"http:\/\/caribia.es\/?page_id=98"},"modified":"2026-03-13T15:41:01","modified_gmt":"2026-03-13T15:41:01","slug":"galeria","status":"publish","type":"page","link":"https:\/\/caribia.es\/de\/galeria\/","title":{"rendered":"Galerie"},"content":{"rendered":"<div data-elementor-type=\"wp-page\" data-elementor-id=\"98\" class=\"elementor elementor-98\" data-elementor-post-type=\"page\">\n\t\t\t\t\t\t<section class=\"elementor-section elementor-top-section elementor-element elementor-element-41be3c1 elementor-section-boxed elementor-section-height-default elementor-section-height-default\" data-id=\"41be3c1\" data-element_type=\"section\" data-e-type=\"section\">\n\t\t\t\t\t\t<div class=\"elementor-container elementor-column-gap-default\">\n\t\t\t\t\t<div class=\"elementor-column elementor-col-100 elementor-top-column elementor-element elementor-element-066d52a\" data-id=\"066d52a\" data-element_type=\"column\" data-e-type=\"column\">\n\t\t\t<div class=\"elementor-widget-wrap elementor-element-populated\">\n\t\t\t\t\t\t<div class=\"elementor-element elementor-element-b7cf206 elementor-widget elementor-widget-spacer\" data-id=\"b7cf206\" data-element_type=\"widget\" data-e-type=\"widget\" data-widget_type=\"spacer.default\">\n\t\t\t\t<div class=\"elementor-widget-container\">\n\t\t\t\t\t\t\t<div class=\"elementor-spacer\">\n\t\t\t<div class=\"elementor-spacer-inner\"><\/div>\n\t\t<\/div>\n\t\t\t\t\t\t<\/div>\n\t\t\t\t<\/div>\n\t\t\t\t<div class=\"elementor-element elementor-element-c70d923 elementor-widget elementor-widget-html\" data-id=\"c70d923\" data-element_type=\"widget\" data-e-type=\"widget\" data-widget_type=\"html.default\">\n\t\t\t\t<div class=\"elementor-widget-container\">\n\t\t\t\t\t<!-- Google tag (gtag.js) -->\r\n<script async src=\"https:\/\/www.googletagmanager.com\/gtag\/js?id=AW-620574860\"><\/script>\r\n<script>\r\n  window.dataLayer = window.dataLayer || [];\r\n  function gtag(){dataLayer.push(arguments);}\r\n  gtag('js', new Date());\r\n\r\n  gtag('config', 'AW-620574860');\r\n<\/script>\r\n\t\t\t\t<\/div>\n\t\t\t\t<\/div>\n\t\t\t\t\t<\/div>\n\t\t<\/div>\n\t\t\t\t\t<\/div>\n\t\t<\/section>\n\t\t\t\t<section class=\"elementor-section elementor-top-section elementor-element elementor-element-f9b2eed elementor-section-boxed elementor-section-height-default elementor-section-height-default\" data-id=\"f9b2eed\" data-element_type=\"section\" data-e-type=\"section\">\n\t\t\t\t\t\t<div class=\"elementor-container elementor-column-gap-default\">\n\t\t\t\t\t<div class=\"elementor-column elementor-col-100 elementor-top-column elementor-element elementor-element-7a2b604\" data-id=\"7a2b604\" data-element_type=\"column\" data-e-type=\"column\">\n\t\t\t<div class=\"elementor-widget-wrap elementor-element-populated\">\n\t\t\t\t\t\t\t<\/div>\n\t\t<\/div>\n\t\t\t\t\t<\/div>\n\t\t<\/section>\n\t\t\t\t<section class=\"elementor-section elementor-top-section elementor-element elementor-element-e89d1f1 elementor-section-boxed elementor-section-height-default elementor-section-height-default\" data-id=\"e89d1f1\" data-element_type=\"section\" data-e-type=\"section\" data-settings=\"{&quot;background_background&quot;:&quot;classic&quot;}\">\n\t\t\t\t\t\t<div class=\"elementor-container elementor-column-gap-default\">\n\t\t\t\t\t<div class=\"elementor-column elementor-col-100 elementor-top-column elementor-element elementor-element-51eadf1\" data-id=\"51eadf1\" data-element_type=\"column\" data-e-type=\"column\">\n\t\t\t<div class=\"elementor-widget-wrap elementor-element-populated\">\n\t\t\t\t\t\t<div class=\"elementor-element elementor-element-3d796db elementor-widget elementor-widget-heading\" data-id=\"3d796db\" data-element_type=\"widget\" data-e-type=\"widget\" data-widget_type=\"heading.default\">\n\t\t\t\t<div class=\"elementor-widget-container\">\n\t\t\t\t\t<h2 class=\"elementor-heading-title elementor-size-default\">VIDEOS<\/h2>\t\t\t\t<\/div>\n\t\t\t\t<\/div>\n\t\t\t\t\t<\/div>\n\t\t<\/div>\n\t\t\t\t\t<\/div>\n\t\t<\/section>\n\t\t\t\t<section class=\"elementor-section elementor-top-section elementor-element elementor-element-5706c9f elementor-section-boxed elementor-section-height-default elementor-section-height-default\" data-id=\"5706c9f\" data-element_type=\"section\" data-e-type=\"section\">\n\t\t\t\t\t\t<div class=\"elementor-container elementor-column-gap-default\">\n\t\t\t\t\t<div class=\"elementor-column elementor-col-100 elementor-top-column elementor-element elementor-element-f06c68d\" data-id=\"f06c68d\" data-element_type=\"column\" data-e-type=\"column\">\n\t\t\t<div class=\"elementor-widget-wrap elementor-element-populated\">\n\t\t\t\t\t\t<section class=\"elementor-section elementor-inner-section elementor-element elementor-element-1f28b68 elementor-section-boxed elementor-section-height-default elementor-section-height-default\" data-id=\"1f28b68\" data-element_type=\"section\" data-e-type=\"section\">\n\t\t\t\t\t\t<div class=\"elementor-container elementor-column-gap-default\">\n\t\t\t\t\t<div class=\"elementor-column elementor-col-50 elementor-inner-column elementor-element elementor-element-04e356d\" data-id=\"04e356d\" data-element_type=\"column\" data-e-type=\"column\">\n\t\t\t<div class=\"elementor-widget-wrap elementor-element-populated\">\n\t\t\t\t\t\t<div class=\"elementor-element elementor-element-8c8f49f elementor-widget elementor-widget-video\" data-id=\"8c8f49f\" data-element_type=\"widget\" data-e-type=\"widget\" data-settings=\"{&quot;youtube_url&quot;:&quot;https:\\\/\\\/www.youtube.com\\\/watch?v=8wpx8ZE9to8&quot;,&quot;video_type&quot;:&quot;youtube&quot;,&quot;controls&quot;:&quot;yes&quot;}\" data-widget_type=\"video.default\">\n\t\t\t\t<div class=\"elementor-widget-container\">\n\t\t\t\t\t\t\t<div class=\"elementor-wrapper elementor-open-inline\">\n\t\t\t<div class=\"elementor-video\"><\/div>\t\t<\/div>\n\t\t\t\t\t\t<\/div>\n\t\t\t\t<\/div>\n\t\t\t\t\t<\/div>\n\t\t<\/div>\n\t\t\t\t<div class=\"elementor-column elementor-col-50 elementor-inner-column elementor-element elementor-element-b20e24e\" data-id=\"b20e24e\" data-element_type=\"column\" data-e-type=\"column\">\n\t\t\t<div class=\"elementor-widget-wrap elementor-element-populated\">\n\t\t\t\t\t\t<div class=\"elementor-element elementor-element-e05f496 elementor-widget elementor-widget-video\" data-id=\"e05f496\" data-element_type=\"widget\" data-e-type=\"widget\" data-settings=\"{&quot;youtube_url&quot;:&quot;https:\\\/\\\/youtu.be\\\/CC0vnsQA_HQ&quot;,&quot;video_type&quot;:&quot;youtube&quot;,&quot;controls&quot;:&quot;yes&quot;}\" data-widget_type=\"video.default\">\n\t\t\t\t<div class=\"elementor-widget-container\">\n\t\t\t\t\t\t\t<div class=\"elementor-wrapper elementor-open-inline\">\n\t\t\t<div class=\"elementor-video\"><\/div>\t\t<\/div>\n\t\t\t\t\t\t<\/div>\n\t\t\t\t<\/div>\n\t\t\t\t\t<\/div>\n\t\t<\/div>\n\t\t\t\t\t<\/div>\n\t\t<\/section>\n\t\t\t\t\t<\/div>\n\t\t<\/div>\n\t\t\t\t\t<\/div>\n\t\t<\/section>\n\t\t\t\t<section class=\"elementor-section elementor-top-section elementor-element elementor-element-43e61db elementor-section-boxed elementor-section-height-default elementor-section-height-default\" data-id=\"43e61db\" data-element_type=\"section\" data-e-type=\"section\" data-settings=\"{&quot;background_background&quot;:&quot;classic&quot;}\">\n\t\t\t\t\t\t<div class=\"elementor-container elementor-column-gap-default\">\n\t\t\t\t\t<div class=\"elementor-column elementor-col-100 elementor-top-column elementor-element elementor-element-db6058c\" data-id=\"db6058c\" data-element_type=\"column\" data-e-type=\"column\">\n\t\t\t<div class=\"elementor-widget-wrap elementor-element-populated\">\n\t\t\t\t\t\t<div class=\"elementor-element elementor-element-7488d9d elementor-widget elementor-widget-heading\" data-id=\"7488d9d\" data-element_type=\"widget\" data-e-type=\"widget\" data-widget_type=\"heading.default\">\n\t\t\t\t<div class=\"elementor-widget-container\">\n\t\t\t\t\t<h2 class=\"elementor-heading-title elementor-size-default\">FOTOS<\/h2>\t\t\t\t<\/div>\n\t\t\t\t<\/div>\n\t\t\t\t\t<\/div>\n\t\t<\/div>\n\t\t\t\t\t<\/div>\n\t\t<\/section>\n\t\t\t\t<section class=\"elementor-section elementor-top-section elementor-element elementor-element-ce0ae8d elementor-section-boxed elementor-section-height-default elementor-section-height-default\" data-id=\"ce0ae8d\" data-element_type=\"section\" data-e-type=\"section\">\n\t\t\t\t\t\t<div class=\"elementor-container elementor-column-gap-default\">\n\t\t\t\t\t<div class=\"elementor-column elementor-col-100 elementor-top-column elementor-element elementor-element-fcf52f0\" data-id=\"fcf52f0\" data-element_type=\"column\" data-e-type=\"column\">\n\t\t\t<div class=\"elementor-widget-wrap\">\n\t\t\t\t\t\t\t<\/div>\n\t\t<\/div>\n\t\t\t\t\t<\/div>\n\t\t<\/section>\n\t\t\t\t<\/div>","protected":false},"excerpt":{"rendered":"<p>VIDEOS https:\/\/www.youtube.com\/watch?v=8wpx8ZE9to8https:\/\/youtu.be\/CC0vnsQA_HQ FOTOS<\/p>","protected":false},"author":1,"featured_media":0,"parent":0,"menu_order":0,"comment_status":"closed","ping_status":"closed","template":"","meta":{"_joinchat":[],"footnotes":""},"class_list":["post-98","page","type-page","status-publish","hentry"],"yoast_head":"<!-- This site is optimized with the Yoast SEO plugin v27.3 - https:\/\/yoast.com\/product\/yoast-seo-wordpress\/ -->\n<title>Galer\u00eda de las excursiones - Caribia.es<\/title>\n<meta name=\"description\" content=\"Mira la galer\u00eda de im\u00e1genes de todas las personas que ya han disfrutado de nuestras excursiones en barco velero. Tu puedes tener la misma experiencia\" \/>\n<meta name=\"robots\" content=\"noindex, follow\" \/>\n<meta property=\"og:locale\" content=\"de_DE\" \/>\n<meta property=\"og:type\" content=\"article\" \/>\n<meta property=\"og:title\" content=\"Galer\u00eda de las excursiones - Caribia.es\" \/>\n<meta property=\"og:description\" content=\"Mira la galer\u00eda de im\u00e1genes de todas las personas que ya han disfrutado de nuestras excursiones en barco velero. Tu puedes tener la misma experiencia\" \/>\n<meta property=\"og:url\" content=\"https:\/\/caribia.es\/de\/galerie\/\" \/>\n<meta property=\"og:site_name\" content=\"Caribia.es\" \/>\n<meta property=\"article:modified_time\" content=\"2026-03-13T15:41:01+00:00\" \/>\n<meta property=\"og:image\" content=\"https:\/\/caribia.es\/wp-content\/uploads\/2023\/08\/LUNESFILMS027-scaled-1-1.jpg\" \/>\n\t<meta property=\"og:image:width\" content=\"1600\" \/>\n\t<meta property=\"og:image:height\" content=\"1067\" \/>\n\t<meta property=\"og:image:type\" content=\"image\/jpeg\" \/>\n<meta name=\"twitter:card\" content=\"summary_large_image\" \/>\n<meta name=\"twitter:label1\" content=\"Gesch\u00e4tzte Lesezeit\" \/>\n\t<meta name=\"twitter:data1\" content=\"1\u00a0Minute\" \/>\n<script type=\"application\/ld+json\" class=\"yoast-schema-graph\">{\"@context\":\"https:\\\/\\\/schema.org\",\"@graph\":[{\"@type\":\"WebPage\",\"@id\":\"https:\\\/\\\/caribia.es\\\/es\\\/galeria\\\/\",\"url\":\"https:\\\/\\\/caribia.es\\\/es\\\/galeria\\\/\",\"name\":\"Galer\u00eda de las excursiones - Caribia.es\",\"isPartOf\":{\"@id\":\"https:\\\/\\\/caribia.es\\\/#website\"},\"datePublished\":\"2022-03-15T04:04:24+00:00\",\"dateModified\":\"2026-03-13T15:41:01+00:00\",\"description\":\"Mira la galer\u00eda de im\u00e1genes de todas las personas que ya han disfrutado de nuestras excursiones en barco velero. Tu puedes tener la misma experiencia\",\"breadcrumb\":{\"@id\":\"https:\\\/\\\/caribia.es\\\/es\\\/galeria\\\/#breadcrumb\"},\"inLanguage\":\"de\",\"potentialAction\":[{\"@type\":\"ReadAction\",\"target\":[\"https:\\\/\\\/caribia.es\\\/es\\\/galeria\\\/\"]}]},{\"@type\":\"BreadcrumbList\",\"@id\":\"https:\\\/\\\/caribia.es\\\/es\\\/galeria\\\/#breadcrumb\",\"itemListElement\":[{\"@type\":\"ListItem\",\"position\":1,\"name\":\"Home\",\"item\":\"https:\\\/\\\/caribia.es\\\/\"},{\"@type\":\"ListItem\",\"position\":2,\"name\":\"Galer\u00eda\"}]},{\"@type\":\"WebSite\",\"@id\":\"https:\\\/\\\/caribia.es\\\/#website\",\"url\":\"https:\\\/\\\/caribia.es\\\/\",\"name\":\"Caribia.es\",\"description\":\"Sailing trips in Mallorca\",\"publisher\":{\"@id\":\"https:\\\/\\\/caribia.es\\\/#organization\"},\"alternateName\":\"Caribia Sailing\",\"potentialAction\":[{\"@type\":\"SearchAction\",\"target\":{\"@type\":\"EntryPoint\",\"urlTemplate\":\"https:\\\/\\\/caribia.es\\\/?s={search_term_string}\"},\"query-input\":{\"@type\":\"PropertyValueSpecification\",\"valueRequired\":true,\"valueName\":\"search_term_string\"}}],\"inLanguage\":\"de\"},{\"@type\":\"Organization\",\"@id\":\"https:\\\/\\\/caribia.es\\\/#organization\",\"name\":\"Caribia Sailing\",\"url\":\"https:\\\/\\\/caribia.es\\\/\",\"logo\":{\"@type\":\"ImageObject\",\"inLanguage\":\"de\",\"@id\":\"https:\\\/\\\/caribia.es\\\/#\\\/schema\\\/logo\\\/image\\\/\",\"url\":\"https:\\\/\\\/caribia.es\\\/wp-content\\\/uploads\\\/2023\\\/08\\\/low-recortado-1990-1.png\",\"contentUrl\":\"https:\\\/\\\/caribia.es\\\/wp-content\\\/uploads\\\/2023\\\/08\\\/low-recortado-1990-1.png\",\"width\":811,\"height\":397,\"caption\":\"Caribia Sailing\"},\"image\":{\"@id\":\"https:\\\/\\\/caribia.es\\\/#\\\/schema\\\/logo\\\/image\\\/\"},\"sameAs\":[\"https:\\\/\\\/www.instagram.com\\\/caribiasailing\\\/\",\"https:\\\/\\\/www.youtube.com\\\/channel\\\/UCoNTQ-HCD3H37R6ucQTSsiA\"]}]}<\/script>\n<!-- \/ Yoast SEO plugin. -->","yoast_head_json":{"title":"Galerie der Ausfl\u00fcge - Caribia.es","description":"Sehen Sie sich die Bildergalerie aller Personen an, die unsere Segelbootausfl\u00fcge bereits genossen haben. Sie k\u00f6nnen die gleiche Erfahrung machen","robots":{"index":"noindex","follow":"follow"},"og_locale":"de_DE","og_type":"article","og_title":"Galer\u00eda de las excursiones - Caribia.es","og_description":"Mira la galer\u00eda de im\u00e1genes de todas las personas que ya han disfrutado de nuestras excursiones en barco velero. Tu puedes tener la misma experiencia","og_url":"https:\/\/caribia.es\/de\/galerie\/","og_site_name":"Caribia.es","article_modified_time":"2026-03-13T15:41:01+00:00","og_image":[{"width":1600,"height":1067,"url":"https:\/\/caribia.es\/wp-content\/uploads\/2023\/08\/LUNESFILMS027-scaled-1-1.jpg","type":"image\/jpeg"}],"twitter_card":"summary_large_image","twitter_misc":{"Gesch\u00e4tzte Lesezeit":"1\u00a0Minute"},"schema":{"@context":"https:\/\/schema.org","@graph":[{"@type":"WebPage","@id":"https:\/\/caribia.es\/es\/galeria\/","url":"https:\/\/caribia.es\/es\/galeria\/","name":"Galerie der Ausfl\u00fcge - Caribia.es","isPartOf":{"@id":"https:\/\/caribia.es\/#website"},"datePublished":"2022-03-15T04:04:24+00:00","dateModified":"2026-03-13T15:41:01+00:00","description":"Sehen Sie sich die Bildergalerie aller Personen an, die unsere Segelbootausfl\u00fcge bereits genossen haben. Sie k\u00f6nnen die gleiche Erfahrung machen","breadcrumb":{"@id":"https:\/\/caribia.es\/es\/galeria\/#breadcrumb"},"inLanguage":"de","potentialAction":[{"@type":"ReadAction","target":["https:\/\/caribia.es\/es\/galeria\/"]}]},{"@type":"BreadcrumbList","@id":"https:\/\/caribia.es\/es\/galeria\/#breadcrumb","itemListElement":[{"@type":"ListItem","position":1,"name":"Home","item":"https:\/\/caribia.es\/"},{"@type":"ListItem","position":2,"name":"Galer\u00eda"}]},{"@type":"WebSite","@id":"https:\/\/caribia.es\/#website","url":"https:\/\/caribia.es\/","name":"Caribia.es","description":"Segelreisen auf Mallorca","publisher":{"@id":"https:\/\/caribia.es\/#organization"},"alternateName":"Caribia Sailing","potentialAction":[{"@type":"SearchAction","target":{"@type":"EntryPoint","urlTemplate":"https:\/\/caribia.es\/?s={search_term_string}"},"query-input":{"@type":"PropertyValueSpecification","valueRequired":true,"valueName":"search_term_string"}}],"inLanguage":"de"},{"@type":"Organization","@id":"https:\/\/caribia.es\/#organization","name":"Segeln in der Karibik","url":"https:\/\/caribia.es\/","logo":{"@type":"ImageObject","inLanguage":"de","@id":"https:\/\/caribia.es\/#\/schema\/logo\/image\/","url":"https:\/\/caribia.es\/wp-content\/uploads\/2023\/08\/low-recortado-1990-1.png","contentUrl":"https:\/\/caribia.es\/wp-content\/uploads\/2023\/08\/low-recortado-1990-1.png","width":811,"height":397,"caption":"Caribia Sailing"},"image":{"@id":"https:\/\/caribia.es\/#\/schema\/logo\/image\/"},"sameAs":["https:\/\/www.instagram.com\/caribiasailing\/","https:\/\/www.youtube.com\/channel\/UCoNTQ-HCD3H37R6ucQTSsiA"]}]}},"_links":{"self":[{"href":"https:\/\/caribia.es\/de\/wp-json\/wp\/v2\/pages\/98","targetHints":{"allow":["GET"]}}],"collection":[{"href":"https:\/\/caribia.es\/de\/wp-json\/wp\/v2\/pages"}],"about":[{"href":"https:\/\/caribia.es\/de\/wp-json\/wp\/v2\/types\/page"}],"author":[{"embeddable":true,"href":"https:\/\/caribia.es\/de\/wp-json\/wp\/v2\/users\/1"}],"replies":[{"embeddable":true,"href":"https:\/\/caribia.es\/de\/wp-json\/wp\/v2\/comments?post=98"}],"version-history":[{"count":38,"href":"https:\/\/caribia.es\/de\/wp-json\/wp\/v2\/pages\/98\/revisions"}],"predecessor-version":[{"id":6277,"href":"https:\/\/caribia.es\/de\/wp-json\/wp\/v2\/pages\/98\/revisions\/6277"}],"wp:attachment":[{"href":"https:\/\/caribia.es\/de\/wp-json\/wp\/v2\/media?parent=98"}],"curies":[{"name":"wp","href":"https:\/\/api.w.org\/{rel}","templated":true}]}}