{"id":3191,"date":"2023-04-24T21:19:18","date_gmt":"2023-04-24T21:19:18","guid":{"rendered":"https:\/\/caribia.es\/?page_id=3191"},"modified":"2025-02-08T10:12:26","modified_gmt":"2025-02-08T10:12:26","slug":"nereida-hanse630e-alcudia","status":"publish","type":"page","link":"https:\/\/caribia.es\/de\/barcos\/nereida-hanse630e-alcudia\/","title":{"rendered":"Nereide \u2013 Hanse630e"},"content":{"rendered":"<div data-elementor-type=\"wp-page\" data-elementor-id=\"3191\" class=\"elementor elementor-3191\" data-elementor-post-type=\"page\">\n\t\t\t\t\t\t<section class=\"elementor-section elementor-top-section elementor-element elementor-element-7e99e4e elementor-section-boxed elementor-section-height-default elementor-section-height-default\" data-id=\"7e99e4e\" data-element_type=\"section\" data-e-type=\"section\">\n\t\t\t\t\t\t<div class=\"elementor-container elementor-column-gap-default\">\n\t\t\t\t\t<div class=\"elementor-column elementor-col-100 elementor-top-column elementor-element elementor-element-81ed2a8\" data-id=\"81ed2a8\" data-element_type=\"column\" data-e-type=\"column\">\n\t\t\t<div class=\"elementor-widget-wrap elementor-element-populated\">\n\t\t\t\t\t\t<div class=\"elementor-element elementor-element-c5e3f74 elementor-widget elementor-widget-spacer\" data-id=\"c5e3f74\" data-element_type=\"widget\" data-e-type=\"widget\" data-widget_type=\"spacer.default\">\n\t\t\t\t<div class=\"elementor-widget-container\">\n\t\t\t\t\t\t\t<div class=\"elementor-spacer\">\n\t\t\t<div class=\"elementor-spacer-inner\"><\/div>\n\t\t<\/div>\n\t\t\t\t\t\t<\/div>\n\t\t\t\t<\/div>\n\t\t\t\t\t<\/div>\n\t\t<\/div>\n\t\t\t\t\t<\/div>\n\t\t<\/section>\n\t\t\t\t<section class=\"elementor-section elementor-top-section elementor-element elementor-element-6ec9822 elementor-section-boxed elementor-section-height-default elementor-section-height-default\" data-id=\"6ec9822\" data-element_type=\"section\" data-e-type=\"section\" data-settings=\"{&quot;background_background&quot;:&quot;classic&quot;}\">\n\t\t\t\t\t\t<div class=\"elementor-container elementor-column-gap-default\">\n\t\t\t\t\t<div class=\"elementor-column elementor-col-100 elementor-top-column elementor-element elementor-element-8b24223\" data-id=\"8b24223\" data-element_type=\"column\" data-e-type=\"column\" data-settings=\"{&quot;background_background&quot;:&quot;classic&quot;}\">\n\t\t\t<div class=\"elementor-widget-wrap elementor-element-populated\">\n\t\t\t\t\t\t<div class=\"elementor-element elementor-element-254e170 elementor-widget elementor-widget-text-editor\" data-id=\"254e170\" data-element_type=\"widget\" data-e-type=\"widget\" data-widget_type=\"text-editor.default\">\n\t\t\t\t<div class=\"elementor-widget-container\">\n\t\t\t\t\t\t\t\t\t<p>Port d\u2019Alcudia, Mallorca<\/p>\t\t\t\t\t\t\t\t<\/div>\n\t\t\t\t<\/div>\n\t\t\t\t<div class=\"elementor-element elementor-element-cd82d7a elementor-widget elementor-widget-heading\" data-id=\"cd82d7a\" data-element_type=\"widget\" data-e-type=\"widget\" data-widget_type=\"heading.default\">\n\t\t\t\t<div class=\"elementor-widget-container\">\n\t\t\t\t\t<h2 class=\"elementor-heading-title elementor-size-default\">Nereida - Hanse 630e<\/h2>\t\t\t\t<\/div>\n\t\t\t\t<\/div>\n\t\t\t\t<div class=\"elementor-element elementor-element-9edf9bf elementor-widget elementor-widget-text-editor\" data-id=\"9edf9bf\" data-element_type=\"widget\" data-e-type=\"widget\" data-widget_type=\"text-editor.default\">\n\t\t\t\t<div class=\"elementor-widget-container\">\n\t\t\t\t\t\t\t\t\t<p>Die Nereida ist unser Starschiff, ein Segelboot der deutschen Marke Hanse, Modell 630e, 19 Meter lang, 5,20 m breit, 3 m tief und ein unglaublicher 30 m hoher Mast, der einem 10-st\u00f6ckigen Geb\u00e4ude entspricht.<\/p>\n<p>Derzeit in Port&#039;d Alcud\u00eda gelegen, bereist es die Buchten von Coll Baix, Cala Murta, Platja des Cal\u00f3, Cala en Gossalba und die Gebiete Playa de Muro, Bah\u00eda de Alc\u00fadia und Can Picafort.<br>Auf Mallorca das einzige Segelboot dieser Kategorie, das Tagesausfl\u00fcge ... unvergesslich macht ...<\/p>\t\t\t\t\t\t\t\t<\/div>\n\t\t\t\t<\/div>\n\t\t\t\t<div class=\"elementor-element elementor-element-075b3c0 elementor--h-position-center elementor--v-position-middle elementor-arrows-position-inside elementor-widget elementor-widget-slides\" data-id=\"075b3c0\" data-element_type=\"widget\" data-e-type=\"widget\" data-settings=\"{&quot;navigation&quot;:&quot;arrows&quot;,&quot;autoplay_speed&quot;:7000,&quot;autoplay&quot;:&quot;yes&quot;,&quot;pause_on_hover&quot;:&quot;yes&quot;,&quot;pause_on_interaction&quot;:&quot;yes&quot;,&quot;infinite&quot;:&quot;yes&quot;,&quot;transition&quot;:&quot;slide&quot;,&quot;transition_speed&quot;:500}\" data-widget_type=\"slides.default\">\n\t\t\t\t<div class=\"elementor-widget-container\">\n\t\t\t\t\t\t\t\t\t<div class=\"elementor-swiper\">\n\t\t\t\t\t<div class=\"elementor-slides-wrapper elementor-main-swiper swiper\" role=\"region\" aria-roledescription=\"carousel\" aria-label=\"Slider\" dir=\"ltr\" data-animation=\"fadeInUp\" data-no-translation-aria-label=\"\">\n\t\t\t\t<div class=\"swiper-wrapper elementor-slides\">\n\t\t\t\t\t\t\t\t\t\t<div class=\"elementor-repeater-item-d39ccb9 swiper-slide\" role=\"group\" aria-roledescription=\"slide\"><div class=\"swiper-slide-bg\" role=\"img\" aria-label=\"LUNESFILMS019\"><\/div><div class=\"swiper-slide-inner\" ><div class=\"swiper-slide-contents\"><\/div><\/div><\/div><div class=\"elementor-repeater-item-af78658 swiper-slide\" role=\"group\" aria-roledescription=\"slide\"><div class=\"swiper-slide-bg\" role=\"img\" aria-label=\"Titanic\"><\/div><div class=\"swiper-slide-inner\" ><div class=\"swiper-slide-contents\"><\/div><\/div><\/div><div class=\"elementor-repeater-item-3c8b463 swiper-slide\" role=\"group\" aria-roledescription=\"slide\"><div class=\"swiper-slide-bg\" role=\"img\" aria-label=\"varco velero excursiones compartidas\"><\/div><div class=\"swiper-slide-inner\" ><div class=\"swiper-slide-contents\"><\/div><\/div><\/div><div class=\"elementor-repeater-item-e9e5287 swiper-slide\" role=\"group\" aria-roledescription=\"slide\"><div class=\"swiper-slide-bg\" role=\"img\" aria-label=\"excursiones en barco\"><\/div><div class=\"swiper-slide-inner\" ><div class=\"swiper-slide-contents\"><\/div><\/div><\/div><div class=\"elementor-repeater-item-ac99eef swiper-slide\" role=\"group\" aria-roledescription=\"slide\"><div class=\"swiper-slide-bg\" role=\"img\" aria-label=\"alquilar velero mallorca\"><\/div><div class=\"swiper-slide-inner\" ><div class=\"swiper-slide-contents\"><\/div><\/div><\/div><div class=\"elementor-repeater-item-81cb718 swiper-slide\" role=\"group\" aria-roledescription=\"slide\"><div class=\"swiper-slide-bg\" role=\"img\" aria-label=\"barco velero para excursiones compartidas\"><\/div><div class=\"swiper-slide-inner\" ><div class=\"swiper-slide-contents\"><\/div><\/div><\/div>\t\t\t\t<\/div>\n\t\t\t\t\t\t\t\t\t\t\t\t\t\t\t<div class=\"elementor-swiper-button elementor-swiper-button-prev\" role=\"button\" tabindex=\"0\" aria-label=\"Vorherige Folie\" data-no-translation-aria-label=\"\">\n\t\t\t\t\t\t\t<i aria-hidden=\"true\" class=\"eicon-chevron-left\"><\/i>\t\t\t\t\t\t<\/div>\n\t\t\t\t\t\t<div class=\"elementor-swiper-button elementor-swiper-button-next\" role=\"button\" tabindex=\"0\" aria-label=\"N\u00e4chste Folie\" data-no-translation-aria-label=\"\">\n\t\t\t\t\t\t\t<i aria-hidden=\"true\" class=\"eicon-chevron-right\"><\/i>\t\t\t\t\t\t<\/div>\n\t\t\t\t\t\t\t\t\t\t\t\t\t\t\t\t\t<\/div>\n\t\t\t\t<\/div>\n\t\t\t\t\t\t\t\t<\/div>\n\t\t\t\t<\/div>\n\t\t\t\t<div class=\"elementor-element elementor-element-49402f4 elementor-widget elementor-widget-text-editor\" data-id=\"49402f4\" data-element_type=\"widget\" data-e-type=\"widget\" data-widget_type=\"text-editor.default\">\n\t\t\t\t<div class=\"elementor-widget-container\">\n\t\t\t\t\t\t\t\t\t<p>Spezifikationen:<\/p>\n<p>Kapazit\u00e4t: 10 PAX<br>L\u00e4nge: 19m<br>Breite: 5,20 m<br>Tiefgang: 3m<br>Mast: 30m (Kohlefaser)<\/p>\n<p>Rumpf: Glasfaserverst\u00e4rkt mit Epoxidharz<\/p>\n<p>Baujahr: 2008<\/p>\n<p>Innen<\/p>\n<p>3 Doppelkabinen mit Badezimmer en suite<\/p>\n<p>Esszimmer und K\u00fcche<\/p>\t\t\t\t\t\t\t\t<\/div>\n\t\t\t\t<\/div>\n\t\t\t\t\t<\/div>\n\t\t<\/div>\n\t\t\t\t\t<\/div>\n\t\t<\/section>\n\t\t\t\t<\/div>","protected":false},"excerpt":{"rendered":"<p>Port d&#8217;Alc\u00fadia, Mallorca Nereida &#8211; Hanse 630e El Nereida es nuestro barco estrella, un velero de la casa alemana Hanse modelo 630e, con 19 metros de eslora, 5,20m de manga, 3m de calado y un increible m\u00e1stil con una altura de 30m, equivalente a un edificio de 10 pisos. Actualmente ubicado en Port&#8217;d Alcud\u00eda, recorriendo&nbsp; [&hellip;]<\/p>\n","protected":false},"author":1,"featured_media":0,"parent":96,"menu_order":0,"comment_status":"closed","ping_status":"closed","template":"","meta":{"_joinchat":[],"footnotes":""},"class_list":["post-3191","page","type-page","status-publish","hentry"],"yoast_head":"<!-- This site is optimized with the Yoast SEO plugin v27.3 - https:\/\/yoast.com\/product\/yoast-seo-wordpress\/ -->\n<title>Excursiones diarias - Velero Mallorca - Port d\u00b4Alcudia - Nereida<\/title>\n<meta name=\"description\" content=\"Excursiones diarias en Velero desde Port d&#039;Alc\u00fadia. Descubre calas y playas de Mayorca con el velero Nereida, un exclusivo Hanse 630e.\" \/>\n<meta name=\"robots\" content=\"noindex, follow\" \/>\n<meta property=\"og:locale\" content=\"de_DE\" \/>\n<meta property=\"og:type\" content=\"article\" \/>\n<meta property=\"og:title\" content=\"Excursiones diarias - Velero Mallorca - Port d\u00b4Alcudia - Nereida\" \/>\n<meta property=\"og:description\" content=\"Excursiones diarias en Velero desde Port d&#039;Alc\u00fadia. Descubre calas y playas de Mayorca con el velero Nereida, un exclusivo Hanse 630e.\" \/>\n<meta property=\"og:url\" content=\"https:\/\/caribia.es\/de\/boote\/nereida-hanse630e-alcudia\/\" \/>\n<meta property=\"og:site_name\" content=\"Caribia.es\" \/>\n<meta property=\"article:modified_time\" content=\"2025-02-08T10:12:26+00:00\" \/>\n<meta property=\"og:image\" content=\"https:\/\/caribia.es\/wp-content\/uploads\/2023\/08\/LUNESFILMS027-scaled-1-1.jpg\" \/>\n\t<meta property=\"og:image:width\" content=\"1600\" \/>\n\t<meta property=\"og:image:height\" content=\"1067\" \/>\n\t<meta property=\"og:image:type\" content=\"image\/jpeg\" \/>\n<meta name=\"twitter:card\" content=\"summary_large_image\" \/>\n<meta name=\"twitter:label1\" content=\"Gesch\u00e4tzte Lesezeit\" \/>\n\t<meta name=\"twitter:data1\" content=\"1\u00a0Minute\" \/>\n<script type=\"application\/ld+json\" class=\"yoast-schema-graph\">{\"@context\":\"https:\\\/\\\/schema.org\",\"@graph\":[{\"@type\":\"WebPage\",\"@id\":\"https:\\\/\\\/caribia.es\\\/barcos\\\/nereida-hanse630e-alcudia\\\/\",\"url\":\"https:\\\/\\\/caribia.es\\\/barcos\\\/nereida-hanse630e-alcudia\\\/\",\"name\":\"Excursiones diarias - Velero Mallorca - Port d\u00b4Alcudia - Nereida\",\"isPartOf\":{\"@id\":\"https:\\\/\\\/caribia.es\\\/#website\"},\"datePublished\":\"2023-04-24T21:19:18+00:00\",\"dateModified\":\"2025-02-08T10:12:26+00:00\",\"description\":\"Excursiones diarias en Velero desde Port d'Alc\u00fadia. Descubre calas y playas de Mayorca con el velero Nereida, un exclusivo Hanse 630e.\",\"breadcrumb\":{\"@id\":\"https:\\\/\\\/caribia.es\\\/barcos\\\/nereida-hanse630e-alcudia\\\/#breadcrumb\"},\"inLanguage\":\"de\",\"potentialAction\":[{\"@type\":\"ReadAction\",\"target\":[\"https:\\\/\\\/caribia.es\\\/barcos\\\/nereida-hanse630e-alcudia\\\/\"]}]},{\"@type\":\"BreadcrumbList\",\"@id\":\"https:\\\/\\\/caribia.es\\\/barcos\\\/nereida-hanse630e-alcudia\\\/#breadcrumb\",\"itemListElement\":[{\"@type\":\"ListItem\",\"position\":1,\"name\":\"Home\",\"item\":\"https:\\\/\\\/caribia.es\\\/\"},{\"@type\":\"ListItem\",\"position\":2,\"name\":\"Barcos\",\"item\":\"https:\\\/\\\/caribia.es\\\/?page_id=96\"},{\"@type\":\"ListItem\",\"position\":3,\"name\":\"Nereida &#8211; Hanse630e\"}]},{\"@type\":\"WebSite\",\"@id\":\"https:\\\/\\\/caribia.es\\\/#website\",\"url\":\"https:\\\/\\\/caribia.es\\\/\",\"name\":\"Caribia.es\",\"description\":\"Sailing trips in Mallorca\",\"publisher\":{\"@id\":\"https:\\\/\\\/caribia.es\\\/#organization\"},\"alternateName\":\"Caribia Sailing\",\"potentialAction\":[{\"@type\":\"SearchAction\",\"target\":{\"@type\":\"EntryPoint\",\"urlTemplate\":\"https:\\\/\\\/caribia.es\\\/?s={search_term_string}\"},\"query-input\":{\"@type\":\"PropertyValueSpecification\",\"valueRequired\":true,\"valueName\":\"search_term_string\"}}],\"inLanguage\":\"de\"},{\"@type\":\"Organization\",\"@id\":\"https:\\\/\\\/caribia.es\\\/#organization\",\"name\":\"Caribia Sailing\",\"url\":\"https:\\\/\\\/caribia.es\\\/\",\"logo\":{\"@type\":\"ImageObject\",\"inLanguage\":\"de\",\"@id\":\"https:\\\/\\\/caribia.es\\\/#\\\/schema\\\/logo\\\/image\\\/\",\"url\":\"https:\\\/\\\/caribia.es\\\/wp-content\\\/uploads\\\/2023\\\/08\\\/low-recortado-1990-1.png\",\"contentUrl\":\"https:\\\/\\\/caribia.es\\\/wp-content\\\/uploads\\\/2023\\\/08\\\/low-recortado-1990-1.png\",\"width\":811,\"height\":397,\"caption\":\"Caribia Sailing\"},\"image\":{\"@id\":\"https:\\\/\\\/caribia.es\\\/#\\\/schema\\\/logo\\\/image\\\/\"},\"sameAs\":[\"https:\\\/\\\/www.instagram.com\\\/caribiasailing\\\/\",\"https:\\\/\\\/www.youtube.com\\\/channel\\\/UCoNTQ-HCD3H37R6ucQTSsiA\"]}]}<\/script>\n<!-- \/ Yoast SEO plugin. -->","yoast_head_json":{"title":"T\u00e4gliche Ausfl\u00fcge - Segelboot Mallorca - Port d\u00b4Alcudia - Nereida","description":"T\u00e4gliche Segelausfl\u00fcge ab Port d&#039;Alc\u00fadia. Entdecken Sie die Buchten und Str\u00e4nde Mallorcas mit dem Segelboot Nereida, einer exklusiven Hanse 630e.","robots":{"index":"noindex","follow":"follow"},"og_locale":"de_DE","og_type":"article","og_title":"Excursiones diarias - Velero Mallorca - Port d\u00b4Alcudia - Nereida","og_description":"Excursiones diarias en Velero desde Port d'Alc\u00fadia. Descubre calas y playas de Mayorca con el velero Nereida, un exclusivo Hanse 630e.","og_url":"https:\/\/caribia.es\/de\/boote\/nereida-hanse630e-alcudia\/","og_site_name":"Caribia.es","article_modified_time":"2025-02-08T10:12:26+00:00","og_image":[{"width":1600,"height":1067,"url":"https:\/\/caribia.es\/wp-content\/uploads\/2023\/08\/LUNESFILMS027-scaled-1-1.jpg","type":"image\/jpeg"}],"twitter_card":"summary_large_image","twitter_misc":{"Gesch\u00e4tzte Lesezeit":"1\u00a0Minute"},"schema":{"@context":"https:\/\/schema.org","@graph":[{"@type":"WebPage","@id":"https:\/\/caribia.es\/barcos\/nereida-hanse630e-alcudia\/","url":"https:\/\/caribia.es\/barcos\/nereida-hanse630e-alcudia\/","name":"T\u00e4gliche Ausfl\u00fcge - Segelboot Mallorca - Port d\u00b4Alcudia - Nereida","isPartOf":{"@id":"https:\/\/caribia.es\/#website"},"datePublished":"2023-04-24T21:19:18+00:00","dateModified":"2025-02-08T10:12:26+00:00","description":"T\u00e4gliche Segelausfl\u00fcge ab Port d&#039;Alc\u00fadia. Entdecken Sie die Buchten und Str\u00e4nde Mallorcas mit dem Segelboot Nereida, einer exklusiven Hanse 630e.","breadcrumb":{"@id":"https:\/\/caribia.es\/barcos\/nereida-hanse630e-alcudia\/#breadcrumb"},"inLanguage":"de","potentialAction":[{"@type":"ReadAction","target":["https:\/\/caribia.es\/barcos\/nereida-hanse630e-alcudia\/"]}]},{"@type":"BreadcrumbList","@id":"https:\/\/caribia.es\/barcos\/nereida-hanse630e-alcudia\/#breadcrumb","itemListElement":[{"@type":"ListItem","position":1,"name":"Home","item":"https:\/\/caribia.es\/"},{"@type":"ListItem","position":2,"name":"Barcos","item":"https:\/\/caribia.es\/?page_id=96"},{"@type":"ListItem","position":3,"name":"Nereida &#8211; Hanse630e"}]},{"@type":"WebSite","@id":"https:\/\/caribia.es\/#website","url":"https:\/\/caribia.es\/","name":"Caribia.es","description":"Segelreisen auf Mallorca","publisher":{"@id":"https:\/\/caribia.es\/#organization"},"alternateName":"Caribia Sailing","potentialAction":[{"@type":"SearchAction","target":{"@type":"EntryPoint","urlTemplate":"https:\/\/caribia.es\/?s={search_term_string}"},"query-input":{"@type":"PropertyValueSpecification","valueRequired":true,"valueName":"search_term_string"}}],"inLanguage":"de"},{"@type":"Organization","@id":"https:\/\/caribia.es\/#organization","name":"Segeln in der Karibik","url":"https:\/\/caribia.es\/","logo":{"@type":"ImageObject","inLanguage":"de","@id":"https:\/\/caribia.es\/#\/schema\/logo\/image\/","url":"https:\/\/caribia.es\/wp-content\/uploads\/2023\/08\/low-recortado-1990-1.png","contentUrl":"https:\/\/caribia.es\/wp-content\/uploads\/2023\/08\/low-recortado-1990-1.png","width":811,"height":397,"caption":"Caribia Sailing"},"image":{"@id":"https:\/\/caribia.es\/#\/schema\/logo\/image\/"},"sameAs":["https:\/\/www.instagram.com\/caribiasailing\/","https:\/\/www.youtube.com\/channel\/UCoNTQ-HCD3H37R6ucQTSsiA"]}]}},"_links":{"self":[{"href":"https:\/\/caribia.es\/de\/wp-json\/wp\/v2\/pages\/3191","targetHints":{"allow":["GET"]}}],"collection":[{"href":"https:\/\/caribia.es\/de\/wp-json\/wp\/v2\/pages"}],"about":[{"href":"https:\/\/caribia.es\/de\/wp-json\/wp\/v2\/types\/page"}],"author":[{"embeddable":true,"href":"https:\/\/caribia.es\/de\/wp-json\/wp\/v2\/users\/1"}],"replies":[{"embeddable":true,"href":"https:\/\/caribia.es\/de\/wp-json\/wp\/v2\/comments?post=3191"}],"version-history":[{"count":27,"href":"https:\/\/caribia.es\/de\/wp-json\/wp\/v2\/pages\/3191\/revisions"}],"predecessor-version":[{"id":5927,"href":"https:\/\/caribia.es\/de\/wp-json\/wp\/v2\/pages\/3191\/revisions\/5927"}],"up":[{"embeddable":true,"href":"https:\/\/caribia.es\/de\/wp-json\/wp\/v2\/pages\/96"}],"wp:attachment":[{"href":"https:\/\/caribia.es\/de\/wp-json\/wp\/v2\/media?parent=3191"}],"curies":[{"name":"wp","href":"https:\/\/api.w.org\/{rel}","templated":true}]}}