{"id":1811,"date":"2022-04-10T00:17:13","date_gmt":"2022-04-10T00:17:13","guid":{"rendered":"http:\/\/caribia.es\/?page_id=1811"},"modified":"2025-02-11T20:21:26","modified_gmt":"2025-02-11T20:21:26","slug":"terminos-y-condiciones","status":"publish","type":"page","link":"https:\/\/caribia.es\/de\/terminos-y-condiciones\/","title":{"rendered":"Bedingungen"},"content":{"rendered":"<div data-elementor-type=\"wp-page\" data-elementor-id=\"1811\" class=\"elementor elementor-1811\" data-elementor-post-type=\"page\">\n\t\t\t\t\t\t<section class=\"elementor-section elementor-top-section elementor-element elementor-element-02603c6 elementor-section-boxed elementor-section-height-default elementor-section-height-default\" data-id=\"02603c6\" data-element_type=\"section\" data-e-type=\"section\">\n\t\t\t\t\t\t<div class=\"elementor-container elementor-column-gap-default\">\n\t\t\t\t\t<div class=\"elementor-column elementor-col-100 elementor-top-column elementor-element elementor-element-c8ec6c2\" data-id=\"c8ec6c2\" data-element_type=\"column\" data-e-type=\"column\">\n\t\t\t<div class=\"elementor-widget-wrap elementor-element-populated\">\n\t\t\t\t\t\t<div class=\"elementor-element elementor-element-2b7be04 elementor-widget elementor-widget-spacer\" data-id=\"2b7be04\" data-element_type=\"widget\" data-e-type=\"widget\" data-widget_type=\"spacer.default\">\n\t\t\t\t<div class=\"elementor-widget-container\">\n\t\t\t\t\t\t\t<div class=\"elementor-spacer\">\n\t\t\t<div class=\"elementor-spacer-inner\"><\/div>\n\t\t<\/div>\n\t\t\t\t\t\t<\/div>\n\t\t\t\t<\/div>\n\t\t\t\t\t<\/div>\n\t\t<\/div>\n\t\t\t\t\t<\/div>\n\t\t<\/section>\n\t\t\t\t<section class=\"elementor-section elementor-top-section elementor-element elementor-element-8487918 elementor-section-boxed elementor-section-height-default elementor-section-height-default\" data-id=\"8487918\" data-element_type=\"section\" data-e-type=\"section\" data-settings=\"{&quot;background_background&quot;:&quot;classic&quot;}\">\n\t\t\t\t\t\t<div class=\"elementor-container elementor-column-gap-default\">\n\t\t\t\t\t<div class=\"elementor-column elementor-col-33 elementor-top-column elementor-element elementor-element-addd919\" data-id=\"addd919\" data-element_type=\"column\" data-e-type=\"column\">\n\t\t\t<div class=\"elementor-widget-wrap elementor-element-populated\">\n\t\t\t\t\t\t<div class=\"elementor-element elementor-element-6ac96dd elementor-widget elementor-widget-heading\" data-id=\"6ac96dd\" data-element_type=\"widget\" data-e-type=\"widget\" data-widget_type=\"heading.default\">\n\t\t\t\t<div class=\"elementor-widget-container\">\n\t\t\t\t\t<h2 class=\"elementor-heading-title elementor-size-default\">\u00b7ZAHLUNGSBEDINGUNGEN<\/h2>\t\t\t\t<\/div>\n\t\t\t\t<\/div>\n\t\t\t\t<div class=\"elementor-element elementor-element-30b70dd elementor-widget elementor-widget-spacer\" data-id=\"30b70dd\" data-element_type=\"widget\" data-e-type=\"widget\" data-widget_type=\"spacer.default\">\n\t\t\t\t<div class=\"elementor-widget-container\">\n\t\t\t\t\t\t\t<div class=\"elementor-spacer\">\n\t\t\t<div class=\"elementor-spacer-inner\"><\/div>\n\t\t<\/div>\n\t\t\t\t\t\t<\/div>\n\t\t\t\t<\/div>\n\t\t\t\t\t<\/div>\n\t\t<\/div>\n\t\t\t\t<div class=\"elementor-column elementor-col-66 elementor-top-column elementor-element elementor-element-c562d76\" data-id=\"c562d76\" data-element_type=\"column\" data-e-type=\"column\">\n\t\t\t<div class=\"elementor-widget-wrap elementor-element-populated\">\n\t\t\t\t\t\t<div class=\"elementor-element elementor-element-a987da0 elementor-widget elementor-widget-text-editor\" data-id=\"a987da0\" data-element_type=\"widget\" data-e-type=\"widget\" data-widget_type=\"text-editor.default\">\n\t\t\t\t<div class=\"elementor-widget-container\">\n\t\t\t\t\t\t\t\t\t<p>1. Die Zahlung f\u00fcr den Abschluss einer Reservierung betr\u00e4gt 501 TP2T pro Seite und 501 TP2T an Bord des Schiffes am Abreisetag.<br \/><br \/><br \/>2. F\u00fcr die Bezahlung einer Reservierung gew\u00e4hren wir eine Frist von 48 Stunden. Erfolgt die Bezahlung nicht innerhalb von 48 Stunden, wird die Reservierung automatisch storniert.<br \/><br \/><br \/>3. Wir akzeptieren verschiedene Zahlungsmethoden, Kreditkarte, IDEAL und andere.<\/p>\t\t\t\t\t\t\t\t<\/div>\n\t\t\t\t<\/div>\n\t\t\t\t\t<\/div>\n\t\t<\/div>\n\t\t\t\t\t<\/div>\n\t\t<\/section>\n\t\t\t\t<section class=\"elementor-section elementor-top-section elementor-element elementor-element-39eca5b elementor-section-boxed elementor-section-height-default elementor-section-height-default\" data-id=\"39eca5b\" data-element_type=\"section\" data-e-type=\"section\">\n\t\t\t\t\t\t<div class=\"elementor-container elementor-column-gap-default\">\n\t\t\t\t\t<div class=\"elementor-column elementor-col-100 elementor-top-column elementor-element elementor-element-2ca38e6\" data-id=\"2ca38e6\" data-element_type=\"column\" data-e-type=\"column\">\n\t\t\t<div class=\"elementor-widget-wrap elementor-element-populated\">\n\t\t\t\t\t\t<div class=\"elementor-element elementor-element-36468e4 elementor-widget elementor-widget-spacer\" data-id=\"36468e4\" data-element_type=\"widget\" data-e-type=\"widget\" data-widget_type=\"spacer.default\">\n\t\t\t\t<div class=\"elementor-widget-container\">\n\t\t\t\t\t\t\t<div class=\"elementor-spacer\">\n\t\t\t<div class=\"elementor-spacer-inner\"><\/div>\n\t\t<\/div>\n\t\t\t\t\t\t<\/div>\n\t\t\t\t<\/div>\n\t\t\t\t\t<\/div>\n\t\t<\/div>\n\t\t\t\t\t<\/div>\n\t\t<\/section>\n\t\t\t\t<section class=\"elementor-section elementor-top-section elementor-element elementor-element-73f022b elementor-section-boxed elementor-section-height-default elementor-section-height-default\" data-id=\"73f022b\" data-element_type=\"section\" data-e-type=\"section\" data-settings=\"{&quot;background_background&quot;:&quot;classic&quot;}\">\n\t\t\t\t\t\t<div class=\"elementor-container elementor-column-gap-default\">\n\t\t\t\t\t<div class=\"elementor-column elementor-col-33 elementor-top-column elementor-element elementor-element-cfd2554\" data-id=\"cfd2554\" data-element_type=\"column\" data-e-type=\"column\">\n\t\t\t<div class=\"elementor-widget-wrap elementor-element-populated\">\n\t\t\t\t\t\t<div class=\"elementor-element elementor-element-560ea21 elementor-widget elementor-widget-heading\" data-id=\"560ea21\" data-element_type=\"widget\" data-e-type=\"widget\" data-widget_type=\"heading.default\">\n\t\t\t\t<div class=\"elementor-widget-container\">\n\t\t\t\t\t<h2 class=\"elementor-heading-title elementor-size-default\">RESERVIERUNGSBEDINGUNGEN<\/h2>\t\t\t\t<\/div>\n\t\t\t\t<\/div>\n\t\t\t\t\t<\/div>\n\t\t<\/div>\n\t\t\t\t<div class=\"elementor-column elementor-col-66 elementor-top-column elementor-element elementor-element-55090e5\" data-id=\"55090e5\" data-element_type=\"column\" data-e-type=\"column\">\n\t\t\t<div class=\"elementor-widget-wrap elementor-element-populated\">\n\t\t\t\t\t\t<div class=\"elementor-element elementor-element-a77203b elementor-widget elementor-widget-text-editor\" data-id=\"a77203b\" data-element_type=\"widget\" data-e-type=\"widget\" data-widget_type=\"text-editor.default\">\n\t\t\t\t<div class=\"elementor-widget-container\">\n\t\t\t\t\t\t\t\t\t<p>1. STORNIERUNGEN durch den Kunden:<br>Der Kunde kann jederzeit k\u00fcndigen. 2 Wochen oder mehr vor der Buchung wird die Anzahlung von 50% f\u00fcr eine R\u00fcckerstattung einbehalten. 48 Stunden oder vor der Buchung werden Stornierungen und R\u00fcckerstattungen nicht akzeptiert.<\/p>\n<p>2. STORNIERUNGEN durch das Unternehmen (schlechtes Wetter oder andere)<\/p>\n<p>Kann die Exkursion aufgrund von Schlechtwetter* nicht durchgef\u00fchrt werden, wird zwischen dem Kunden und dem Unternehmen nach Ersatzterminen gesucht, falls sich kein Termin finden l\u00e4sst. Die Reservierung gilt f\u00fcr eine R\u00fcckerstattung des gezahlten Gesamtbetrags. Wir behalten uns das Recht vor, jede Tour jederzeit aus anderen als zeitlichen Gr\u00fcnden abzusagen.<\/p>\n<p><em>*Schlechtes Wetter: Regen den ganzen Tag, Wellen von +2m, konstanter Wind von 30 Knoten oder mehr.<\/em><\/p>\n<p>3. KOSTENLOSE TRANSFERS<\/p>\n<p>Wir bieten unseren Kunden Transfers von ihrem Hotel oder Apartment zu unseren Ausfl\u00fcgen und zur\u00fcck an. Dieser Service ist exklusiv f\u00fcr diejenigen, die kein eigenes Fahrzeug haben. Bei Missbrauch dieses kostenlosen Dienstes werden wir den Kundenservice belasten.<\/p>\n<p>4. DER AUSFLUG und das Wetter<\/p>\n<p>Bei der Buchung eines unserer Ausfl\u00fcge akzeptiert der Kunde die Tatsache, dass das Wetter (Wind, Bew\u00f6lkung, Wellen) am Tag seiner Reservierung m\u00f6glicherweise nicht \u201eperfekt\u201c f\u00fcr die Navigation ist.&nbsp;<br>Wir bem\u00fchen uns sehr, die Ausfl\u00fcge so angenehm wie m\u00f6glich zu gestalten.<\/p>\n<p>5. VERPFLEGUNG<\/p>\n<p>Auf allen unseren Ausfl\u00fcgen bieten wir Speisen und Getr\u00e4nke an Bord an. Wenn der Kunde Lebensmitteleinschr\u00e4nkungen und \/ oder Allergien hat, schreiben Sie uns bitte eine E-Mail mit den Informationen und wir bereiten das f\u00fcr den Kunden geeignete Essen zu.<\/p>\n<p><\/p>\t\t\t\t\t\t\t\t<\/div>\n\t\t\t\t<\/div>\n\t\t\t\t\t<\/div>\n\t\t<\/div>\n\t\t\t\t\t<\/div>\n\t\t<\/section>\n\t\t\t\t<\/div>","protected":false},"excerpt":{"rendered":"<p>\u00b7CONDICIONES DE PAGO 1. El pago para cerrar una reserva es del 50% por la p\u00e1gina y el 50% a bordo del barco el dia de la salida. 2. Damos un plazo de 48h para realizar el pago para una reserva, en el caso de no realizar el pago en el plazo de 48h, la [&hellip;]<\/p>\n","protected":false},"author":1,"featured_media":0,"parent":0,"menu_order":0,"comment_status":"closed","ping_status":"closed","template":"","meta":{"_joinchat":[],"footnotes":""},"class_list":["post-1811","page","type-page","status-publish","hentry"],"yoast_head":"<!-- This site is optimized with the Yoast SEO plugin v27.3 - https:\/\/yoast.com\/product\/yoast-seo-wordpress\/ -->\n<title>Terms and conditions - Caribia.es<\/title>\n<meta name=\"description\" content=\"Terms and conditions\" \/>\n<meta name=\"robots\" content=\"index, follow, max-snippet:-1, max-image-preview:large, max-video-preview:-1\" \/>\n<link rel=\"canonical\" href=\"https:\/\/caribia.es\/de\/terminos-y-condiciones\/\" \/>\n<meta property=\"og:locale\" content=\"de_DE\" \/>\n<meta property=\"og:type\" content=\"article\" \/>\n<meta property=\"og:title\" content=\"Terms and conditions - Caribia.es\" \/>\n<meta property=\"og:description\" content=\"Terms and conditions\" \/>\n<meta property=\"og:url\" content=\"https:\/\/caribia.es\/de\/terminos-y-condiciones\/\" \/>\n<meta property=\"og:site_name\" content=\"Caribia.es\" \/>\n<meta property=\"article:modified_time\" content=\"2025-02-11T20:21:26+00:00\" \/>\n<meta property=\"og:image\" content=\"https:\/\/caribia.es\/wp-content\/uploads\/2022\/04\/LUNESFILMS004-scaled.jpg\" \/>\n\t<meta property=\"og:image:width\" content=\"2560\" \/>\n\t<meta property=\"og:image:height\" content=\"1437\" \/>\n\t<meta property=\"og:image:type\" content=\"image\/jpeg\" \/>\n<meta name=\"twitter:card\" content=\"summary_large_image\" \/>\n<meta name=\"twitter:label1\" content=\"Gesch\u00e4tzte Lesezeit\" \/>\n\t<meta name=\"twitter:data1\" content=\"2\u00a0Minuten\" \/>\n<script type=\"application\/ld+json\" class=\"yoast-schema-graph\">{\"@context\":\"https:\\\/\\\/schema.org\",\"@graph\":[{\"@type\":\"WebPage\",\"@id\":\"https:\\\/\\\/caribia.es\\\/es\\\/terminos-y-condiciones\\\/\",\"url\":\"https:\\\/\\\/caribia.es\\\/es\\\/terminos-y-condiciones\\\/\",\"name\":\"Terms and conditions - Caribia.es\",\"isPartOf\":{\"@id\":\"https:\\\/\\\/caribia.es\\\/#website\"},\"datePublished\":\"2022-04-10T00:17:13+00:00\",\"dateModified\":\"2025-02-11T20:21:26+00:00\",\"description\":\"Terms and conditions\",\"breadcrumb\":{\"@id\":\"https:\\\/\\\/caribia.es\\\/es\\\/terminos-y-condiciones\\\/#breadcrumb\"},\"inLanguage\":\"de\",\"potentialAction\":[{\"@type\":\"ReadAction\",\"target\":[\"https:\\\/\\\/caribia.es\\\/es\\\/terminos-y-condiciones\\\/\"]}]},{\"@type\":\"BreadcrumbList\",\"@id\":\"https:\\\/\\\/caribia.es\\\/es\\\/terminos-y-condiciones\\\/#breadcrumb\",\"itemListElement\":[{\"@type\":\"ListItem\",\"position\":1,\"name\":\"Home\",\"item\":\"https:\\\/\\\/caribia.es\\\/\"},{\"@type\":\"ListItem\",\"position\":2,\"name\":\"Condiciones\"}]},{\"@type\":\"WebSite\",\"@id\":\"https:\\\/\\\/caribia.es\\\/#website\",\"url\":\"https:\\\/\\\/caribia.es\\\/\",\"name\":\"Caribia.es\",\"description\":\"Sailing trips in Mallorca\",\"publisher\":{\"@id\":\"https:\\\/\\\/caribia.es\\\/#organization\"},\"alternateName\":\"Caribia Sailing\",\"potentialAction\":[{\"@type\":\"SearchAction\",\"target\":{\"@type\":\"EntryPoint\",\"urlTemplate\":\"https:\\\/\\\/caribia.es\\\/?s={search_term_string}\"},\"query-input\":{\"@type\":\"PropertyValueSpecification\",\"valueRequired\":true,\"valueName\":\"search_term_string\"}}],\"inLanguage\":\"de\"},{\"@type\":\"Organization\",\"@id\":\"https:\\\/\\\/caribia.es\\\/#organization\",\"name\":\"Caribia Sailing\",\"url\":\"https:\\\/\\\/caribia.es\\\/\",\"logo\":{\"@type\":\"ImageObject\",\"inLanguage\":\"de\",\"@id\":\"https:\\\/\\\/caribia.es\\\/#\\\/schema\\\/logo\\\/image\\\/\",\"url\":\"https:\\\/\\\/caribia.es\\\/wp-content\\\/uploads\\\/2023\\\/08\\\/low-recortado-1990-1.png\",\"contentUrl\":\"https:\\\/\\\/caribia.es\\\/wp-content\\\/uploads\\\/2023\\\/08\\\/low-recortado-1990-1.png\",\"width\":811,\"height\":397,\"caption\":\"Caribia Sailing\"},\"image\":{\"@id\":\"https:\\\/\\\/caribia.es\\\/#\\\/schema\\\/logo\\\/image\\\/\"},\"sameAs\":[\"https:\\\/\\\/www.instagram.com\\\/caribiasailing\\\/\",\"https:\\\/\\\/www.youtube.com\\\/channel\\\/UCoNTQ-HCD3H37R6ucQTSsiA\"]}]}<\/script>\n<!-- \/ Yoast SEO plugin. -->","yoast_head_json":{"title":"Allgemeine Gesch\u00e4ftsbedingungen - Caribia.es","description":"Gesch\u00e4ftsbedingungen","robots":{"index":"index","follow":"follow","max-snippet":"max-snippet:-1","max-image-preview":"max-image-preview:large","max-video-preview":"max-video-preview:-1"},"canonical":"https:\/\/caribia.es\/de\/terminos-y-condiciones\/","og_locale":"de_DE","og_type":"article","og_title":"Terms and conditions - Caribia.es","og_description":"Terms and conditions","og_url":"https:\/\/caribia.es\/de\/terminos-y-condiciones\/","og_site_name":"Caribia.es","article_modified_time":"2025-02-11T20:21:26+00:00","og_image":[{"width":2560,"height":1437,"url":"https:\/\/caribia.es\/wp-content\/uploads\/2022\/04\/LUNESFILMS004-scaled.jpg","type":"image\/jpeg"}],"twitter_card":"summary_large_image","twitter_misc":{"Gesch\u00e4tzte Lesezeit":"2\u00a0Minuten"},"schema":{"@context":"https:\/\/schema.org","@graph":[{"@type":"WebPage","@id":"https:\/\/caribia.es\/es\/terminos-y-condiciones\/","url":"https:\/\/caribia.es\/es\/terminos-y-condiciones\/","name":"Allgemeine Gesch\u00e4ftsbedingungen - Caribia.es","isPartOf":{"@id":"https:\/\/caribia.es\/#website"},"datePublished":"2022-04-10T00:17:13+00:00","dateModified":"2025-02-11T20:21:26+00:00","description":"Gesch\u00e4ftsbedingungen","breadcrumb":{"@id":"https:\/\/caribia.es\/es\/terminos-y-condiciones\/#breadcrumb"},"inLanguage":"de","potentialAction":[{"@type":"ReadAction","target":["https:\/\/caribia.es\/es\/terminos-y-condiciones\/"]}]},{"@type":"BreadcrumbList","@id":"https:\/\/caribia.es\/es\/terminos-y-condiciones\/#breadcrumb","itemListElement":[{"@type":"ListItem","position":1,"name":"Home","item":"https:\/\/caribia.es\/"},{"@type":"ListItem","position":2,"name":"Condiciones"}]},{"@type":"WebSite","@id":"https:\/\/caribia.es\/#website","url":"https:\/\/caribia.es\/","name":"Caribia.es","description":"Segelreisen auf Mallorca","publisher":{"@id":"https:\/\/caribia.es\/#organization"},"alternateName":"Caribia Sailing","potentialAction":[{"@type":"SearchAction","target":{"@type":"EntryPoint","urlTemplate":"https:\/\/caribia.es\/?s={search_term_string}"},"query-input":{"@type":"PropertyValueSpecification","valueRequired":true,"valueName":"search_term_string"}}],"inLanguage":"de"},{"@type":"Organization","@id":"https:\/\/caribia.es\/#organization","name":"Segeln in der Karibik","url":"https:\/\/caribia.es\/","logo":{"@type":"ImageObject","inLanguage":"de","@id":"https:\/\/caribia.es\/#\/schema\/logo\/image\/","url":"https:\/\/caribia.es\/wp-content\/uploads\/2023\/08\/low-recortado-1990-1.png","contentUrl":"https:\/\/caribia.es\/wp-content\/uploads\/2023\/08\/low-recortado-1990-1.png","width":811,"height":397,"caption":"Caribia Sailing"},"image":{"@id":"https:\/\/caribia.es\/#\/schema\/logo\/image\/"},"sameAs":["https:\/\/www.instagram.com\/caribiasailing\/","https:\/\/www.youtube.com\/channel\/UCoNTQ-HCD3H37R6ucQTSsiA"]}]}},"_links":{"self":[{"href":"https:\/\/caribia.es\/de\/wp-json\/wp\/v2\/pages\/1811","targetHints":{"allow":["GET"]}}],"collection":[{"href":"https:\/\/caribia.es\/de\/wp-json\/wp\/v2\/pages"}],"about":[{"href":"https:\/\/caribia.es\/de\/wp-json\/wp\/v2\/types\/page"}],"author":[{"embeddable":true,"href":"https:\/\/caribia.es\/de\/wp-json\/wp\/v2\/users\/1"}],"replies":[{"embeddable":true,"href":"https:\/\/caribia.es\/de\/wp-json\/wp\/v2\/comments?post=1811"}],"version-history":[{"count":14,"href":"https:\/\/caribia.es\/de\/wp-json\/wp\/v2\/pages\/1811\/revisions"}],"predecessor-version":[{"id":6187,"href":"https:\/\/caribia.es\/de\/wp-json\/wp\/v2\/pages\/1811\/revisions\/6187"}],"wp:attachment":[{"href":"https:\/\/caribia.es\/de\/wp-json\/wp\/v2\/media?parent=1811"}],"curies":[{"name":"wp","href":"https:\/\/api.w.org\/{rel}","templated":true}]}}